{"id":50,"date":"2025-02-27T19:06:27","date_gmt":"2025-02-27T18:06:27","guid":{"rendered":"https:\/\/hawaiipoii.com\/?page_id=50"},"modified":"2025-04-23T19:26:28","modified_gmt":"2025-04-23T17:26:28","slug":"article-9","status":"publish","type":"page","link":"https:\/\/hawaiipoii.com\/index.php\/article-9\/","title":{"rendered":"Article 9"},"content":{"rendered":"\n<p>.. du contrat de b\u00e9n\u00e9volat.<\/p>\n\n\n\n<p>La culture Ironman : la World Triathlon Company &#8212; WTC.<\/p>\n\n\n\n<p><br>9. In no event may I (or anyone else on my behalf) without the prior written consent of WTC: (a) use any intellectual property of WTC and\/or its affiliates, including, but not limited to, the IRONMAN\u00ae, 70.3\u00ae, Iron Girl\u00ae, IRONKIDS\u00ae, Velothon\u00ae, Cape Epic\u00ae, 5150\u00ae, and Rock \u2018n\u2019 Roll\u00ae marks and names, the \u201cM-Dot\u201d logo, \u201cK-Dot\u201d logo (collectively, the \u201cWTC IP\u201d) and\/or any words or marks that refer to, or are suggestive of, or confusingly similar to, the Event, any Event logo, Event name, Event location, Event date, or Event race distance (collectively, \u201cEvent IP\u201d), or (b) sell, market, distribute, or produce any products, events, merchandise, websites, or services that are IRONMAN\u00ae-branded, 70.3\u00ae-branded, Event-branded, or branded or marked using (i) any Event logo, (ii) any Event name, (iii) any Event IP, or (iv) or any WTC IP (including without limitation the word \u201cIRON\u201d or any foreign translation thereof as a prefix for, or component of, any race, event, trade name, trademark, organization name, club name, or brand of any kind, in each case in any way related to triathlon, triathletes, training, coaching, or any endurance sports).<\/p>\n\n\n\n<h2 class=\"wp-block-heading\">Traduction<\/h2>\n\n\n\n<p>En aucun cas je ne peux (ni quiconque en mon nom) sans le consentement \u00e9crit pr\u00e9alable de WTC : (a) utiliser toute propri\u00e9t\u00e9 intellectuelle de WTC et\/ou de ses soci\u00e9t\u00e9s affili\u00e9es, y compris, mais sans s&#8217;y limiter, les marques et noms IRONMAN\u00ae, 70.3\u00ae, Iron Girl\u00ae, IRONKIDS\u00ae, Velothon\u00ae, Cape Epic\u00ae, 5150\u00ae et Rock \u2018n\u2019 Roll\u00ae, le logo \u00ab M-Dot \u00bb &#8212; le gros &#8220;M&#8221; majuscule surmont\u00e9 d&#8217;un point : le symbole d&#8217;Ironman &#8211;, le logo \u00ab K-Dot \u00bb (collectivement, la \u00ab propri\u00e9t\u00e9 intellectuelle de WTC \u00bb) et\/ou tout mot ou marque faisant r\u00e9f\u00e9rence \u00e0, sugg\u00e9rant ou ressemblant au point de pr\u00eater \u00e0 confusion \u00e0 l&#8217;\u00c9v\u00e9nement, tout logo d&#8217;\u00c9v\u00e9nement, nom d&#8217;\u00c9v\u00e9nement, lieu d&#8217;\u00c9v\u00e9nement, date d&#8217;\u00c9v\u00e9nement ou distance de course d&#8217;\u00c9v\u00e9nement (collectivement, la \u00ab propri\u00e9t\u00e9 intellectuelle de l&#8217;\u00c9v\u00e9nement \u00bb), ou (b) vendre, commercialiser, distribuer ou produire des produits, \u00e9v\u00e9nements, marchandises, sites Web ou services de marque IRONMAN\u00ae, 70.3\u00ae, de marque \u00c9v\u00e9nement, ou marqu\u00e9s \u00e0 l&#8217;aide (i) de tout logo d&#8217;\u00c9v\u00e9nement, (ii) tout nom d&#8217;\u00e9v\u00e9nement, (iii) toute propri\u00e9t\u00e9 intellectuelle d&#8217;\u00e9v\u00e9nement, ou (iv) toute propri\u00e9t\u00e9 intellectuelle du WTC (y compris, sans limitation, le mot \u00ab IRON \u00bb ou toute traduction \u00e9trang\u00e8re de celui-ci comme pr\u00e9fixe ou composant de toute course, \u00e9v\u00e9nement, nom commercial, marque d\u00e9pos\u00e9e, nom d&#8217;organisation, nom de club ou marque de toute nature, dans chaque cas li\u00e9 de quelque mani\u00e8re que ce soit au triathlon, aux triathl\u00e8tes, \u00e0 l&#8217;entra\u00eenement, au coaching ou \u00e0 tout sport d&#8217;endurance).<\/p>\n\n\n\n<p>En gros ce site est ill\u00e9gal !<\/p>\n","protected":false},"excerpt":{"rendered":"<p>.. du contrat de b\u00e9n\u00e9volat. La culture Ironman : la World Triathlon Company &#8212; WTC. 9. In no event may I (or anyone else on my behalf) without the prior written consent of WTC: (a) use any intellectual property of WTC and\/or its affiliates, including, but not limited to, the IRONMAN\u00ae, 70.3\u00ae, Iron Girl\u00ae, IRONKIDS\u00ae, [&hellip;]<\/p>\n","protected":false},"author":1,"featured_media":0,"parent":0,"menu_order":0,"comment_status":"closed","ping_status":"closed","template":"","meta":{"ocean_post_layout":"","ocean_both_sidebars_style":"","ocean_both_sidebars_content_width":0,"ocean_both_sidebars_sidebars_width":0,"ocean_sidebar":"","ocean_second_sidebar":"","ocean_disable_margins":"enable","ocean_add_body_class":"","ocean_shortcode_before_top_bar":"","ocean_shortcode_after_top_bar":"","ocean_shortcode_before_header":"","ocean_shortcode_after_header":"","ocean_has_shortcode":"","ocean_shortcode_after_title":"","ocean_shortcode_before_footer_widgets":"","ocean_shortcode_after_footer_widgets":"","ocean_shortcode_before_footer_bottom":"","ocean_shortcode_after_footer_bottom":"","ocean_display_top_bar":"default","ocean_display_header":"default","ocean_header_style":"","ocean_center_header_left_menu":"","ocean_custom_header_template":"","ocean_custom_logo":0,"ocean_custom_retina_logo":0,"ocean_custom_logo_max_width":0,"ocean_custom_logo_tablet_max_width":0,"ocean_custom_logo_mobile_max_width":0,"ocean_custom_logo_max_height":0,"ocean_custom_logo_tablet_max_height":0,"ocean_custom_logo_mobile_max_height":0,"ocean_header_custom_menu":"","ocean_menu_typo_font_family":"","ocean_menu_typo_font_subset":"","ocean_menu_typo_font_size":0,"ocean_menu_typo_font_size_tablet":0,"ocean_menu_typo_font_size_mobile":0,"ocean_menu_typo_font_size_unit":"px","ocean_menu_typo_font_weight":"","ocean_menu_typo_font_weight_tablet":"","ocean_menu_typo_font_weight_mobile":"","ocean_menu_typo_transform":"","ocean_menu_typo_transform_tablet":"","ocean_menu_typo_transform_mobile":"","ocean_menu_typo_line_height":0,"ocean_menu_typo_line_height_tablet":0,"ocean_menu_typo_line_height_mobile":0,"ocean_menu_typo_line_height_unit":"","ocean_menu_typo_spacing":0,"ocean_menu_typo_spacing_tablet":0,"ocean_menu_typo_spacing_mobile":0,"ocean_menu_typo_spacing_unit":"","ocean_menu_link_color":"","ocean_menu_link_color_hover":"","ocean_menu_link_color_active":"","ocean_menu_link_background":"","ocean_menu_link_hover_background":"","ocean_menu_link_active_background":"","ocean_menu_social_links_bg":"","ocean_menu_social_hover_links_bg":"","ocean_menu_social_links_color":"","ocean_menu_social_hover_links_color":"","ocean_disable_title":"default","ocean_disable_heading":"default","ocean_post_title":"","ocean_post_subheading":"","ocean_post_title_style":"","ocean_post_title_background_color":"","ocean_post_title_background":0,"ocean_post_title_bg_image_position":"","ocean_post_title_bg_image_attachment":"","ocean_post_title_bg_image_repeat":"","ocean_post_title_bg_image_size":"","ocean_post_title_height":0,"ocean_post_title_bg_overlay":0.5,"ocean_post_title_bg_overlay_color":"","ocean_disable_breadcrumbs":"default","ocean_breadcrumbs_color":"","ocean_breadcrumbs_separator_color":"","ocean_breadcrumbs_links_color":"","ocean_breadcrumbs_links_hover_color":"","ocean_display_footer_widgets":"default","ocean_display_footer_bottom":"default","ocean_custom_footer_template":"","footnotes":""},"class_list":["post-50","page","type-page","status-publish","hentry","entry"],"_links":{"self":[{"href":"https:\/\/hawaiipoii.com\/index.php\/wp-json\/wp\/v2\/pages\/50","targetHints":{"allow":["GET"]}}],"collection":[{"href":"https:\/\/hawaiipoii.com\/index.php\/wp-json\/wp\/v2\/pages"}],"about":[{"href":"https:\/\/hawaiipoii.com\/index.php\/wp-json\/wp\/v2\/types\/page"}],"author":[{"embeddable":true,"href":"https:\/\/hawaiipoii.com\/index.php\/wp-json\/wp\/v2\/users\/1"}],"replies":[{"embeddable":true,"href":"https:\/\/hawaiipoii.com\/index.php\/wp-json\/wp\/v2\/comments?post=50"}],"version-history":[{"count":4,"href":"https:\/\/hawaiipoii.com\/index.php\/wp-json\/wp\/v2\/pages\/50\/revisions"}],"predecessor-version":[{"id":556,"href":"https:\/\/hawaiipoii.com\/index.php\/wp-json\/wp\/v2\/pages\/50\/revisions\/556"}],"wp:attachment":[{"href":"https:\/\/hawaiipoii.com\/index.php\/wp-json\/wp\/v2\/media?parent=50"}],"curies":[{"name":"wp","href":"https:\/\/api.w.org\/{rel}","templated":true}]}}