{"id":490,"date":"2025-04-22T18:52:12","date_gmt":"2025-04-22T16:52:12","guid":{"rendered":"https:\/\/hawaiipoii.com\/?page_id=490"},"modified":"2025-05-06T20:15:38","modified_gmt":"2025-05-06T18:15:38","slug":"le-mauna-kea","status":"publish","type":"page","link":"https:\/\/hawaiipoii.com\/index.php\/lieux\/le-mauna-kea\/","title":{"rendered":"Le Mauna Kea"},"content":{"rendered":"\n<h2 class=\"wp-block-heading\">&#8230; et le Mauna Loa<\/h2>\n\n\n\n<p>Ce sont les deux sommets de l&#8217;\u00eele. 4205m pour le Mauna Kea, 4169m pour le Mauna Loa.<br>Ce sont tous deux des volcans. <br>Le Mauna Kea, endormi, n&#8217;a pas boug\u00e9 depuis 4500 ans. <br>Le Mauna Loa est bien actif lui, avec en moyenne une \u00e9ruption tous les 5 ans. Il d\u00e9gage aussi des gaz irritants. <br>Ils crachent des laves fluides, qui forment les nombreuses coul\u00e9es observables autour de l&#8217;\u00eele, mais n&#8217;explosent pas.<\/p>\n\n\n\n<figure class=\"wp-block-image size-full\"><img loading=\"lazy\" decoding=\"async\" width=\"800\" height=\"800\" src=\"https:\/\/hawaiipoii.com\/wp-content\/uploads\/2025\/04\/800px-Island_of_Hawaii_-_Landsat_mosaic.jpg\" alt=\"Mauna Kea vue satellite\" class=\"wp-image-494\" srcset=\"https:\/\/hawaiipoii.com\/wp-content\/uploads\/2025\/04\/800px-Island_of_Hawaii_-_Landsat_mosaic.jpg 800w, https:\/\/hawaiipoii.com\/wp-content\/uploads\/2025\/04\/800px-Island_of_Hawaii_-_Landsat_mosaic-300x300.jpg 300w, https:\/\/hawaiipoii.com\/wp-content\/uploads\/2025\/04\/800px-Island_of_Hawaii_-_Landsat_mosaic-150x150.jpg 150w, https:\/\/hawaiipoii.com\/wp-content\/uploads\/2025\/04\/800px-Island_of_Hawaii_-_Landsat_mosaic-768x768.jpg 768w, https:\/\/hawaiipoii.com\/wp-content\/uploads\/2025\/04\/800px-Island_of_Hawaii_-_Landsat_mosaic-50x50.jpg 50w, https:\/\/hawaiipoii.com\/wp-content\/uploads\/2025\/04\/800px-Island_of_Hawaii_-_Landsat_mosaic-600x600.jpg 600w\" sizes=\"auto, (max-width: 800px) 100vw, 800px\" \/><figcaption class=\"wp-element-caption\">Mauna Kea vue satellite<\/figcaption><\/figure>\n\n\n\n<p>On distingue bien en haut le Mauna Kea avec sa vieille lave couleur brique \/ jaune, et le Mauna Lea qui occupe la majeure partie de l&#8217;\u00eele, avec toutes ses noires coul\u00e9es de lave r\u00e9cente. En bas \u00e0 droite, le jeune <a href=\"https:\/\/hawaiipoii.com\/index.php\/le-kilauea\/\" data-type=\"page\" data-id=\"594\">Kilauea<\/a> et ses modestes coul\u00e9es noires, actif quasi en permanence, \u00e9met un petit panache de fum\u00e9e&#8230;<\/p>\n\n\n\n<p>Le sommet du calme Mauna Kea est occup\u00e9 par de nombreux t\u00e9lescopes, Ce n&#8217;est pas tr\u00e8s &#8220;nature&#8221;&#8230;Tous les carr\u00e9s sont des t\u00e9lescopes. La France y participe modestement.<\/p>\n\n\n\n<figure class=\"wp-block-image size-large\"><img loading=\"lazy\" decoding=\"async\" width=\"1024\" height=\"690\" src=\"https:\/\/hawaiipoii.com\/wp-content\/uploads\/2025\/04\/20241101_143045-1024x690.jpg\" alt=\"Mauna Kea - carte du sommet\" class=\"wp-image-446\" srcset=\"https:\/\/hawaiipoii.com\/wp-content\/uploads\/2025\/04\/20241101_143045-1024x690.jpg 1024w, https:\/\/hawaiipoii.com\/wp-content\/uploads\/2025\/04\/20241101_143045-300x202.jpg 300w, https:\/\/hawaiipoii.com\/wp-content\/uploads\/2025\/04\/20241101_143045-768x517.jpg 768w, https:\/\/hawaiipoii.com\/wp-content\/uploads\/2025\/04\/20241101_143045-50x34.jpg 50w, https:\/\/hawaiipoii.com\/wp-content\/uploads\/2025\/04\/20241101_143045-1600x1077.jpg 1600w, https:\/\/hawaiipoii.com\/wp-content\/uploads\/2025\/04\/20241101_143045-1536x1034.jpg 1536w, https:\/\/hawaiipoii.com\/wp-content\/uploads\/2025\/04\/20241101_143045-2048x1379.jpg 2048w\" sizes=\"auto, (max-width: 1024px) 100vw, 1024px\" \/><figcaption class=\"wp-element-caption\">Mauna Kea &#8211; carte du sommet<\/figcaption><\/figure>\n\n\n\n<p>Sur le site de la maison du tourisme, \u00e0 2800m, il y a aussi le Halepohaku Onizuka, h\u00e9bergement collectif (env. 70 pers;) pour les astronomes du monde entier qui viennent profiter de l&#8217;atmosph\u00e8re pure de cette \u00eele perdue au milieu de l&#8217;oc\u00e9an. Ils peuvent exploiter les nombreux \u00e9quipements du sommet depuis cette altitude plus vivable.<\/p>\n\n\n\n<figure class=\"wp-block-image size-large\"><img loading=\"lazy\" decoding=\"async\" width=\"1024\" height=\"576\" src=\"https:\/\/hawaiipoii.com\/wp-content\/uploads\/2025\/04\/20241101_143550-1024x576.jpg\" alt=\"Mauna Kea - Les observatoires\" class=\"wp-image-449\" srcset=\"https:\/\/hawaiipoii.com\/wp-content\/uploads\/2025\/04\/20241101_143550-1024x576.jpg 1024w, https:\/\/hawaiipoii.com\/wp-content\/uploads\/2025\/04\/20241101_143550-300x169.jpg 300w, https:\/\/hawaiipoii.com\/wp-content\/uploads\/2025\/04\/20241101_143550-768x432.jpg 768w, https:\/\/hawaiipoii.com\/wp-content\/uploads\/2025\/04\/20241101_143550-50x28.jpg 50w, https:\/\/hawaiipoii.com\/wp-content\/uploads\/2025\/04\/20241101_143550-1600x900.jpg 1600w, https:\/\/hawaiipoii.com\/wp-content\/uploads\/2025\/04\/20241101_143550-1536x864.jpg 1536w, https:\/\/hawaiipoii.com\/wp-content\/uploads\/2025\/04\/20241101_143550-2048x1152.jpg 2048w, https:\/\/hawaiipoii.com\/wp-content\/uploads\/2025\/04\/20241101_143550-800x450.jpg 800w\" sizes=\"auto, (max-width: 1024px) 100vw, 1024px\" \/><figcaption class=\"wp-element-caption\">Mauna Kea &#8211; Les observatoires<\/figcaption><\/figure>\n\n\n\n<p>Le volcan a connu une pr\u00e9sence humaine : les maorais venaient rechercher la pierre de lave sur les pentes pour r\u00e9aliser des hachettes\/herminettes et d&#8217;autres outils tranchants qui leur servaient notamment \u00e0 creuser leurs pirogues.<\/p>\n\n\n<div class=\"wp-block-image\">\n<figure class=\"aligncenter size-large\"><img decoding=\"async\" src=\"https:\/\/hawaiipoii.com\/wp-content\/uploads\/2025\/04\/20241101_142929-750x1024.jpg\" alt=\"Mauna Kea - occupation humaine\" class=\"wp-image-443\"\/><figcaption class=\"wp-element-caption\">Mauna Kea &#8211; occupation humaine<\/figcaption><\/figure>\n<\/div>\n\n\n<p>Pour les sportifs, ou pour ceux qui n&#8217;ont pas de 4&#215;4, mais les aptitudes physiques, de nombreuses randonn\u00e9es sont possibles sur le volcan. Certaines au d\u00e9part du p\u00f4le touristique pour acc\u00e9der au sommet : donc faire 1400m de d\u00e9nivel\u00e9 positif \u00e0 partir de 2800m pour aller au sommet &#8212; donc des sportifs ! <br>J&#8217;ai choisi la facilit\u00e9, et quelque chose adapt\u00e9 \u00e0 mes moyens physiques : une &#8220;balade&#8221; \u00e0 4000m&#8230;<\/p>\n\n\n<div class=\"wp-block-image\">\n<figure class=\"aligncenter size-medium\"><img loading=\"lazy\" decoding=\"async\" width=\"199\" height=\"300\" src=\"https:\/\/hawaiipoii.com\/wp-content\/uploads\/2025\/04\/20241101_143038-199x300.jpg\" alt=\"Mauna Kea - les randos\" class=\"wp-image-445\" srcset=\"https:\/\/hawaiipoii.com\/wp-content\/uploads\/2025\/04\/20241101_143038-199x300.jpg 199w, https:\/\/hawaiipoii.com\/wp-content\/uploads\/2025\/04\/20241101_143038-680x1024.jpg 680w, https:\/\/hawaiipoii.com\/wp-content\/uploads\/2025\/04\/20241101_143038-768x1156.jpg 768w, https:\/\/hawaiipoii.com\/wp-content\/uploads\/2025\/04\/20241101_143038-50x75.jpg 50w, https:\/\/hawaiipoii.com\/wp-content\/uploads\/2025\/04\/20241101_143038-1600x2408.jpg 1600w, https:\/\/hawaiipoii.com\/wp-content\/uploads\/2025\/04\/20241101_143038-1021x1536.jpg 1021w, https:\/\/hawaiipoii.com\/wp-content\/uploads\/2025\/04\/20241101_143038-1361x2048.jpg 1361w, https:\/\/hawaiipoii.com\/wp-content\/uploads\/2025\/04\/20241101_143038-scaled.jpg 1701w\" sizes=\"auto, (max-width: 199px) 100vw, 199px\" \/><figcaption class=\"wp-element-caption\">Mauna Kea &#8211; les randos<\/figcaption><\/figure>\n<\/div>","protected":false},"excerpt":{"rendered":"<p>&#8230; et le Mauna Loa Ce sont les deux sommets de l&#8217;\u00eele. 4205m pour le Mauna Kea, 4169m pour le Mauna Loa.Ce sont tous deux des volcans. Le Mauna Kea, endormi, n&#8217;a pas boug\u00e9 depuis 4500 ans. Le Mauna Loa est bien actif lui, avec en moyenne une \u00e9ruption tous les 5 ans. Il d\u00e9gage [&hellip;]<\/p>\n","protected":false},"author":1,"featured_media":467,"parent":54,"menu_order":0,"comment_status":"closed","ping_status":"closed","template":"","meta":{"ocean_post_layout":"","ocean_both_sidebars_style":"","ocean_both_sidebars_content_width":0,"ocean_both_sidebars_sidebars_width":0,"ocean_sidebar":"","ocean_second_sidebar":"","ocean_disable_margins":"enable","ocean_add_body_class":"","ocean_shortcode_before_top_bar":"","ocean_shortcode_after_top_bar":"","ocean_shortcode_before_header":"","ocean_shortcode_after_header":"","ocean_has_shortcode":"","ocean_shortcode_after_title":"","ocean_shortcode_before_footer_widgets":"","ocean_shortcode_after_footer_widgets":"","ocean_shortcode_before_footer_bottom":"","ocean_shortcode_after_footer_bottom":"","ocean_display_top_bar":"default","ocean_display_header":"default","ocean_header_style":"","ocean_center_header_left_menu":"","ocean_custom_header_template":"","ocean_custom_logo":0,"ocean_custom_retina_logo":0,"ocean_custom_logo_max_width":0,"ocean_custom_logo_tablet_max_width":0,"ocean_custom_logo_mobile_max_width":0,"ocean_custom_logo_max_height":0,"ocean_custom_logo_tablet_max_height":0,"ocean_custom_logo_mobile_max_height":0,"ocean_header_custom_menu":"","ocean_menu_typo_font_family":"","ocean_menu_typo_font_subset":"","ocean_menu_typo_font_size":0,"ocean_menu_typo_font_size_tablet":0,"ocean_menu_typo_font_size_mobile":0,"ocean_menu_typo_font_size_unit":"px","ocean_menu_typo_font_weight":"","ocean_menu_typo_font_weight_tablet":"","ocean_menu_typo_font_weight_mobile":"","ocean_menu_typo_transform":"","ocean_menu_typo_transform_tablet":"","ocean_menu_typo_transform_mobile":"","ocean_menu_typo_line_height":0,"ocean_menu_typo_line_height_tablet":0,"ocean_menu_typo_line_height_mobile":0,"ocean_menu_typo_line_height_unit":"","ocean_menu_typo_spacing":0,"ocean_menu_typo_spacing_tablet":0,"ocean_menu_typo_spacing_mobile":0,"ocean_menu_typo_spacing_unit":"","ocean_menu_link_color":"","ocean_menu_link_color_hover":"","ocean_menu_link_color_active":"","ocean_menu_link_background":"","ocean_menu_link_hover_background":"","ocean_menu_link_active_background":"","ocean_menu_social_links_bg":"","ocean_menu_social_hover_links_bg":"","ocean_menu_social_links_color":"","ocean_menu_social_hover_links_color":"","ocean_disable_title":"default","ocean_disable_heading":"default","ocean_post_title":"","ocean_post_subheading":"","ocean_post_title_style":"","ocean_post_title_background_color":"","ocean_post_title_background":0,"ocean_post_title_bg_image_position":"","ocean_post_title_bg_image_attachment":"","ocean_post_title_bg_image_repeat":"","ocean_post_title_bg_image_size":"","ocean_post_title_height":0,"ocean_post_title_bg_overlay":0.5,"ocean_post_title_bg_overlay_color":"","ocean_disable_breadcrumbs":"default","ocean_breadcrumbs_color":"","ocean_breadcrumbs_separator_color":"","ocean_breadcrumbs_links_color":"","ocean_breadcrumbs_links_hover_color":"","ocean_display_footer_widgets":"default","ocean_display_footer_bottom":"default","ocean_custom_footer_template":"","footnotes":""},"class_list":["post-490","page","type-page","status-publish","has-post-thumbnail","hentry","entry","has-media"],"_links":{"self":[{"href":"https:\/\/hawaiipoii.com\/index.php\/wp-json\/wp\/v2\/pages\/490","targetHints":{"allow":["GET"]}}],"collection":[{"href":"https:\/\/hawaiipoii.com\/index.php\/wp-json\/wp\/v2\/pages"}],"about":[{"href":"https:\/\/hawaiipoii.com\/index.php\/wp-json\/wp\/v2\/types\/page"}],"author":[{"embeddable":true,"href":"https:\/\/hawaiipoii.com\/index.php\/wp-json\/wp\/v2\/users\/1"}],"replies":[{"embeddable":true,"href":"https:\/\/hawaiipoii.com\/index.php\/wp-json\/wp\/v2\/comments?post=490"}],"version-history":[{"count":9,"href":"https:\/\/hawaiipoii.com\/index.php\/wp-json\/wp\/v2\/pages\/490\/revisions"}],"predecessor-version":[{"id":596,"href":"https:\/\/hawaiipoii.com\/index.php\/wp-json\/wp\/v2\/pages\/490\/revisions\/596"}],"up":[{"embeddable":true,"href":"https:\/\/hawaiipoii.com\/index.php\/wp-json\/wp\/v2\/pages\/54"}],"wp:featuredmedia":[{"embeddable":true,"href":"https:\/\/hawaiipoii.com\/index.php\/wp-json\/wp\/v2\/media\/467"}],"wp:attachment":[{"href":"https:\/\/hawaiipoii.com\/index.php\/wp-json\/wp\/v2\/media?parent=490"}],"curies":[{"name":"wp","href":"https:\/\/api.w.org\/{rel}","templated":true}]}}