{"id":173,"date":"2025-03-02T01:14:03","date_gmt":"2025-03-02T00:14:03","guid":{"rendered":"https:\/\/hawaiipoii.com\/?page_id=173"},"modified":"2025-03-02T01:14:03","modified_gmt":"2025-03-02T00:14:03","slug":"journal","status":"publish","type":"page","link":"https:\/\/hawaiipoii.com\/index.php\/journal\/","title":{"rendered":"Journal"},"content":{"rendered":"<ul class=\"wp-block-latest-posts__list is-grid columns-3 has-dates wp-block-latest-posts\"><li><a class=\"wp-block-latest-posts__post-title\" href=\"https:\/\/hawaiipoii.com\/index.php\/2024\/11\/05\/l-a-airport\/\">L.A. Airport<\/a><time datetime=\"2024-11-05T05:00:20+01:00\" class=\"wp-block-latest-posts__post-date\">5 November 2024<\/time><div class=\"wp-block-latest-posts__post-excerpt\">J&#8217;ai onze heures \u00e0 passer avant de reprendre l&#8217;avion pour Paris. Partout les gadgets aux couleurs des \u00e9lections sont mis en avant sur les \u00e9tals. Je sais qu&#8217;on est \u00e0 l&#8217;a\u00e9roport, et que\u2026 <a class=\"wp-block-latest-posts__read-more\" href=\"https:\/\/hawaiipoii.com\/index.php\/2024\/11\/05\/l-a-airport\/\" rel=\"noopener noreferrer\">Read more<span class=\"screen-reader-text\">: L.A. Airport<\/span><\/a><\/div><\/li>\n<li><a class=\"wp-block-latest-posts__post-title\" href=\"https:\/\/hawaiipoii.com\/index.php\/2024\/11\/03\/dernier-jour\/\">Dernier jour<\/a><time datetime=\"2024-11-03T09:00:31+01:00\" class=\"wp-block-latest-posts__post-date\">3 November 2024<\/time><div class=\"wp-block-latest-posts__post-excerpt\">La fameuse (et maudite&#8230;) Impossible de partir sans avoir d\u00e9gust\u00e9 l&#8217;h\u00e9r\u00e9sie qui h\u00e9risse le poil des italiens : la pizza hawa\u00efenne ! ou pizza \u00e0 l&#8217;ananas&#8230;Je vais d\u00e9jeuner dans le pub aux 50\u2026 <a class=\"wp-block-latest-posts__read-more\" href=\"https:\/\/hawaiipoii.com\/index.php\/2024\/11\/03\/dernier-jour\/\" rel=\"noopener noreferrer\">Read more<span class=\"screen-reader-text\">: Dernier jour<\/span><\/a><\/div><\/li>\n<li><a class=\"wp-block-latest-posts__post-title\" href=\"https:\/\/hawaiipoii.com\/index.php\/2024\/11\/02\/un-peu-de-kayak\/\">Un peu de kayak<\/a><time datetime=\"2024-11-02T09:00:45+01:00\" class=\"wp-block-latest-posts__post-date\">2 November 2024<\/time><div class=\"wp-block-latest-posts__post-excerpt\">Je reviens \u00e0 la plage de Kamakahonu, pour louer un kayak de touriste aux Kona Boys. Je n&#8217;aurai pas trouv\u00e9 de vrai kayak de mer \u00e0 louer. J&#8217;ai juste vu passer une voiture\u2026 <a class=\"wp-block-latest-posts__read-more\" href=\"https:\/\/hawaiipoii.com\/index.php\/2024\/11\/02\/un-peu-de-kayak\/\" rel=\"noopener noreferrer\">Read more<span class=\"screen-reader-text\">: Un peu de kayak<\/span><\/a><\/div><\/li>\n<li><div class=\"wp-block-latest-posts__featured-image\"><a href=\"https:\/\/hawaiipoii.com\/index.php\/2024\/11\/01\/journee-au-mauna-kea\/\" aria-label=\"Journ\u00e9e au Mauna Kea\"><img loading=\"lazy\" decoding=\"async\" width=\"150\" height=\"150\" src=\"https:\/\/hawaiipoii.com\/wp-content\/uploads\/2025\/04\/20241101_155253-150x150.jpg\" class=\"attachment-thumbnail size-thumbnail wp-post-image\" alt=\"Mauna Kea\" style=\"\" srcset=\"https:\/\/hawaiipoii.com\/wp-content\/uploads\/2025\/04\/20241101_155253-150x150.jpg 150w, https:\/\/hawaiipoii.com\/wp-content\/uploads\/2025\/04\/20241101_155253-600x600.jpg 600w\" sizes=\"auto, (max-width: 150px) 100vw, 150px\" \/><\/a><\/div><a class=\"wp-block-latest-posts__post-title\" href=\"https:\/\/hawaiipoii.com\/index.php\/2024\/11\/01\/journee-au-mauna-kea\/\">Journ\u00e9e au Mauna Kea<\/a><time datetime=\"2024-11-01T10:00:33+01:00\" class=\"wp-block-latest-posts__post-date\">1 November 2024<\/time><div class=\"wp-block-latest-posts__post-excerpt\">J&#8217;aurais aussi pu appeler cette page &#8220;Le volcan&#8221;, car tout est &#8220;volcan&#8221; ici : les deux sommets de l&#8217;\u00eele, sans parler de tous les c\u00f4nes \u00e9parpill\u00e9s dans les paysages, le Kilauea volcan tr\u00e8s\u2026 <a class=\"wp-block-latest-posts__read-more\" href=\"https:\/\/hawaiipoii.com\/index.php\/2024\/11\/01\/journee-au-mauna-kea\/\" rel=\"noopener noreferrer\">Read more<span class=\"screen-reader-text\">: Journ\u00e9e au Mauna Kea<\/span><\/a><\/div><\/li>\n<li><div class=\"wp-block-latest-posts__featured-image\"><a href=\"https:\/\/hawaiipoii.com\/index.php\/2024\/11\/01\/la-v6\/\" aria-label=\"La Va&#8217;a Ono ou V6\"><img loading=\"lazy\" decoding=\"async\" width=\"150\" height=\"150\" src=\"https:\/\/hawaiipoii.com\/wp-content\/uploads\/2025\/03\/20241031_164407-150x150.jpg\" class=\"attachment-thumbnail size-thumbnail wp-post-image\" alt=\"Va&#039;a Ono\" style=\"\" srcset=\"https:\/\/hawaiipoii.com\/wp-content\/uploads\/2025\/03\/20241031_164407-150x150.jpg 150w, https:\/\/hawaiipoii.com\/wp-content\/uploads\/2025\/03\/20241031_164407-600x600.jpg 600w\" sizes=\"auto, (max-width: 150px) 100vw, 150px\" \/><\/a><\/div><a class=\"wp-block-latest-posts__post-title\" href=\"https:\/\/hawaiipoii.com\/index.php\/2024\/11\/01\/la-v6\/\">La Va&#8217;a Ono ou V6<\/a><time datetime=\"2024-11-01T07:00:39+01:00\" class=\"wp-block-latest-posts__post-date\">1 November 2024<\/time><div class=\"wp-block-latest-posts__post-excerpt\">Le lendemain, je d\u00e9cide d&#8217;honorer l&#8217;invitation de Richard&#8230; souvenez-vous : celui \u00e0 qui j&#8217;ai remis l&#8217;iPhone sauv\u00e9 pendant la course.Pour une sortie en pirogue \u00e0 6\u2026 \u00c0 l&#8217;eau ! Enfin\u2026 Hormis la Kayak\u2026 <a class=\"wp-block-latest-posts__read-more\" href=\"https:\/\/hawaiipoii.com\/index.php\/2024\/11\/01\/la-v6\/\" rel=\"noopener noreferrer\">Read more<span class=\"screen-reader-text\">: La Va&#8217;a Ono ou V6<\/span><\/a><\/div><\/li>\n<li><a class=\"wp-block-latest-posts__post-title\" href=\"https:\/\/hawaiipoii.com\/index.php\/2024\/10\/31\/au-volcan\/\">Au volcan<\/a><time datetime=\"2024-10-31T11:00:08+01:00\" class=\"wp-block-latest-posts__post-date\">31 October 2024<\/time><div class=\"wp-block-latest-posts__post-excerpt\">Le Kilau\u00e9a Je quitte la plage et rentre dans le Parc National du Volcan, biotope de pr\u00e9dilection de la bernache n\u0113n\u0113 , esp\u00e8ce end\u00e9mique. C&#8217;est l&#8217;animal\/oiseau officiel de l&#8217;\u00e9tat. Premier site \u00e0 l&#8217;entr\u00e9e\u2026 <a class=\"wp-block-latest-posts__read-more\" href=\"https:\/\/hawaiipoii.com\/index.php\/2024\/10\/31\/au-volcan\/\" rel=\"noopener noreferrer\">Read more<span class=\"screen-reader-text\">: Au volcan<\/span><\/a><\/div><\/li>\n<li><div class=\"wp-block-latest-posts__featured-image\"><a href=\"https:\/\/hawaiipoii.com\/index.php\/2024\/10\/31\/panuluu\/\" aria-label=\"Panulu&#8217;u\"><img loading=\"lazy\" decoding=\"async\" width=\"150\" height=\"150\" src=\"https:\/\/hawaiipoii.com\/wp-content\/uploads\/2025\/02\/20241030_114037-1-150x150.jpg\" class=\"attachment-thumbnail size-thumbnail wp-post-image\" alt=\"Baywatch\" style=\"\" srcset=\"https:\/\/hawaiipoii.com\/wp-content\/uploads\/2025\/02\/20241030_114037-1-150x150.jpg 150w, https:\/\/hawaiipoii.com\/wp-content\/uploads\/2025\/02\/20241030_114037-1-600x600.jpg 600w\" sizes=\"auto, (max-width: 150px) 100vw, 150px\" \/><\/a><\/div><a class=\"wp-block-latest-posts__post-title\" href=\"https:\/\/hawaiipoii.com\/index.php\/2024\/10\/31\/panuluu\/\">Panulu&#8217;u<\/a><time datetime=\"2024-10-31T08:00:04+01:00\" class=\"wp-block-latest-posts__post-date\">31 October 2024<\/time><div class=\"wp-block-latest-posts__post-excerpt\">D\u00e9part excursion au volcan, Direction sud-est, je croise ma premi\u00e8re coul\u00e9e de lave qui barre la route. Peut-\u00eatre 5km de lave \u00e0 traverser&#8230; impressionnant. La route a \u00e9t\u00e9 retrac\u00e9e \u00e0 travers. Je m&#8217;offre\u2026 <a class=\"wp-block-latest-posts__read-more\" href=\"https:\/\/hawaiipoii.com\/index.php\/2024\/10\/31\/panuluu\/\" rel=\"noopener noreferrer\">Read more<span class=\"screen-reader-text\">: Panulu&#8217;u<\/span><\/a><\/div><\/li>\n<li><div class=\"wp-block-latest-posts__featured-image\"><a href=\"https:\/\/hawaiipoii.com\/index.php\/2024\/10\/29\/la-petite-eglise\/\" aria-label=\"La petite \u00e9glise\"><img loading=\"lazy\" decoding=\"async\" width=\"150\" height=\"150\" src=\"https:\/\/hawaiipoii.com\/wp-content\/uploads\/2025\/03\/20241029_174053-150x150.jpg\" class=\"attachment-thumbnail size-thumbnail wp-post-image\" alt=\"St Peter&#039;s Catholic Church\" style=\"\" srcset=\"https:\/\/hawaiipoii.com\/wp-content\/uploads\/2025\/03\/20241029_174053-150x150.jpg 150w, https:\/\/hawaiipoii.com\/wp-content\/uploads\/2025\/03\/20241029_174053-600x600.jpg 600w\" sizes=\"auto, (max-width: 150px) 100vw, 150px\" \/><\/a><\/div><a class=\"wp-block-latest-posts__post-title\" href=\"https:\/\/hawaiipoii.com\/index.php\/2024\/10\/29\/la-petite-eglise\/\">La petite \u00e9glise<\/a><time datetime=\"2024-10-29T17:00:41+01:00\" class=\"wp-block-latest-posts__post-date\">29 October 2024<\/time><div class=\"wp-block-latest-posts__post-excerpt\">Ca y&#8217;est, j&#8217;ai ma voiture&#8230; Je vais pouvoir profiter de cette libert\u00e9 de circuler comme je veux. Premi\u00e8re chose que je fais alors que cette journ\u00e9e se termine et que je vais pouvoir\u2026 <a class=\"wp-block-latest-posts__read-more\" href=\"https:\/\/hawaiipoii.com\/index.php\/2024\/10\/29\/la-petite-eglise\/\" rel=\"noopener noreferrer\">Read more<span class=\"screen-reader-text\">: La petite \u00e9glise<\/span><\/a><\/div><\/li>\n<li><a class=\"wp-block-latest-posts__post-title\" href=\"https:\/\/hawaiipoii.com\/index.php\/2024\/10\/28\/mahalo-party\/\">Mahalo Party<\/a><time datetime=\"2024-10-28T18:00:18+01:00\" class=\"wp-block-latest-posts__post-date\">28 October 2024<\/time><div class=\"wp-block-latest-posts__post-excerpt\">Mahalo = merci en hawaiien&#8230; La f\u00eate de remerciement. Tradition sur les triathlons Ironmans, l&#8217;organisation invite tous les b\u00e9n\u00e9voles \u00e0 une grande soir\u00e9e avec buffet repas, remise de prix, et rencontre avec des\u2026 <a class=\"wp-block-latest-posts__read-more\" href=\"https:\/\/hawaiipoii.com\/index.php\/2024\/10\/28\/mahalo-party\/\" rel=\"noopener noreferrer\">Read more<span class=\"screen-reader-text\">: Mahalo Party<\/span><\/a><\/div><\/li>\n<li><div class=\"wp-block-latest-posts__featured-image\"><a href=\"https:\/\/hawaiipoii.com\/index.php\/2024\/10\/28\/debut-des-vacances\/\" aria-label=\"D\u00e9but des vacances\"><img loading=\"lazy\" decoding=\"async\" width=\"150\" height=\"150\" src=\"https:\/\/hawaiipoii.com\/wp-content\/uploads\/2025\/03\/20241029_112947-150x150.jpg\" class=\"attachment-thumbnail size-thumbnail wp-post-image\" alt=\"Chez Bohdi\" style=\"\" srcset=\"https:\/\/hawaiipoii.com\/wp-content\/uploads\/2025\/03\/20241029_112947-150x150.jpg 150w, https:\/\/hawaiipoii.com\/wp-content\/uploads\/2025\/03\/20241029_112947-600x600.jpg 600w\" sizes=\"auto, (max-width: 150px) 100vw, 150px\" \/><\/a><\/div><a class=\"wp-block-latest-posts__post-title\" href=\"https:\/\/hawaiipoii.com\/index.php\/2024\/10\/28\/debut-des-vacances\/\">D\u00e9but des vacances<\/a><time datetime=\"2024-10-28T09:02:43+01:00\" class=\"wp-block-latest-posts__post-date\">28 October 2024<\/time><div class=\"wp-block-latest-posts__post-excerpt\">Voil\u00e0 ! Episode Ironman clos, je vais pouvoir commencer \u00e0 profiter de l&#8217;\u00eele. Le nouveau logement Avant \u00e7a je prends un peu possession de mon nouveau logement. Arriv\u00e9 hier soir tard je n&#8217;ai\u2026 <a class=\"wp-block-latest-posts__read-more\" href=\"https:\/\/hawaiipoii.com\/index.php\/2024\/10\/28\/debut-des-vacances\/\" rel=\"noopener noreferrer\">Read more<span class=\"screen-reader-text\">: D\u00e9but des vacances<\/span><\/a><\/div><\/li>\n<li><a class=\"wp-block-latest-posts__post-title\" href=\"https:\/\/hawaiipoii.com\/index.php\/2024\/10\/26\/ironman-jour-j\/\">Ironman, Jour J<\/a><time datetime=\"2024-10-26T05:00:50+02:00\" class=\"wp-block-latest-posts__post-date\">26 October 2024<\/time><div class=\"wp-block-latest-posts__post-excerpt\">C&#8217;est le grand jour. Pas question d&#8217;\u00eatre enretard. Le trajet en v\u00e9lo se passe bien. J&#8217;arrive au centre ville pr\u00e8s de la plage \u00e0 5h pile \u00e0 l&#8217;heure&#8230; Tout est barricad\u00e9. J&#8217;essaie de\u2026 <a class=\"wp-block-latest-posts__read-more\" href=\"https:\/\/hawaiipoii.com\/index.php\/2024\/10\/26\/ironman-jour-j\/\" rel=\"noopener noreferrer\">Read more<span class=\"screen-reader-text\">: Ironman, Jour J<\/span><\/a><\/div><\/li>\n<li><a class=\"wp-block-latest-posts__post-title\" href=\"https:\/\/hawaiipoii.com\/index.php\/2024\/10\/25\/ironman-j-1\/\">Ironman, J-1<\/a><time datetime=\"2024-10-25T07:32:19+02:00\" class=\"wp-block-latest-posts__post-date\">25 October 2024<\/time><div class=\"wp-block-latest-posts__post-excerpt\">Le matin je vais en ville pour r\u00e9cup\u00e9rer le v\u00e9lo chez le loueur. Le fourbe !!! Quand j&#8217;arrive il me dit qu&#8217;un autre type est pass\u00e9 avant et que comme il n&#8217;avait aucune\u2026 <a class=\"wp-block-latest-posts__read-more\" href=\"https:\/\/hawaiipoii.com\/index.php\/2024\/10\/25\/ironman-j-1\/\" rel=\"noopener noreferrer\">Read more<span class=\"screen-reader-text\">: Ironman, J-1<\/span><\/a><\/div><\/li>\n<li><a class=\"wp-block-latest-posts__post-title\" href=\"https:\/\/hawaiipoii.com\/index.php\/2024\/10\/24\/ironman-j-2\/\">Ironman, J-2<\/a><time datetime=\"2024-10-24T11:07:00+02:00\" class=\"wp-block-latest-posts__post-date\">24 October 2024<\/time><div class=\"wp-block-latest-posts__post-excerpt\">&#8230;avant la course. j&#8217;ai deux jours pour pr\u00e9parer mon b\u00e9n\u00e9volat, me procurer un moyen de transport &#8212; je cherche un v\u00e9lo &#8212; rep\u00e9rer les lieux&#8230; Normalement, j&#8217;ai vu qu&#8217;il y a une ligne\u2026 <a class=\"wp-block-latest-posts__read-more\" href=\"https:\/\/hawaiipoii.com\/index.php\/2024\/10\/24\/ironman-j-2\/\" rel=\"noopener noreferrer\">Read more<span class=\"screen-reader-text\">: Ironman, J-2<\/span><\/a><\/div><\/li>\n<li><div class=\"wp-block-latest-posts__featured-image\"><a href=\"https:\/\/hawaiipoii.com\/index.php\/2024\/10\/24\/chez-michael\/\" aria-label=\"Chez Michael\"><img loading=\"lazy\" decoding=\"async\" width=\"150\" height=\"150\" src=\"https:\/\/hawaiipoii.com\/wp-content\/uploads\/2025\/03\/20241024_063400-150x150.jpg\" class=\"attachment-thumbnail size-thumbnail wp-post-image\" alt=\"Terrasse et jardin\" style=\"\" srcset=\"https:\/\/hawaiipoii.com\/wp-content\/uploads\/2025\/03\/20241024_063400-150x150.jpg 150w, https:\/\/hawaiipoii.com\/wp-content\/uploads\/2025\/03\/20241024_063400-600x600.jpg 600w\" sizes=\"auto, (max-width: 150px) 100vw, 150px\" \/><\/a><\/div><a class=\"wp-block-latest-posts__post-title\" href=\"https:\/\/hawaiipoii.com\/index.php\/2024\/10\/24\/chez-michael\/\">Chez Michael<\/a><time datetime=\"2024-10-24T07:00:26+02:00\" class=\"wp-block-latest-posts__post-date\">24 October 2024<\/time><div class=\"wp-block-latest-posts__post-excerpt\">Arriv\u00e9 tard le soir, je n&#8217;ai pas pu prendre la mesure de future demeure. Bien que je dispose de rideaux (l\u00e9gers), je ne les ai pas ferm\u00e9s, \u00e0 l&#8217;instar de ma porte de\u2026 <a class=\"wp-block-latest-posts__read-more\" href=\"https:\/\/hawaiipoii.com\/index.php\/2024\/10\/24\/chez-michael\/\" rel=\"noopener noreferrer\">Read more<span class=\"screen-reader-text\">: Chez Michael<\/span><\/a><\/div><\/li>\n<li><a class=\"wp-block-latest-posts__post-title\" href=\"https:\/\/hawaiipoii.com\/index.php\/2024\/10\/23\/un-long-voyage\/\">Un long voyage<\/a><time datetime=\"2024-10-23T06:00:39+02:00\" class=\"wp-block-latest-posts__post-date\">23 October 2024<\/time><div class=\"wp-block-latest-posts__post-excerpt\">Nice &#8211; Paris Paris &#8211; Los Angeles Los Angeles &#8211; Kona<\/div><\/li>\n<\/ul>","protected":false},"excerpt":{"rendered":"","protected":false},"author":1,"featured_media":0,"parent":0,"menu_order":0,"comment_status":"closed","ping_status":"closed","template":"","meta":{"ocean_post_layout":"","ocean_both_sidebars_style":"","ocean_both_sidebars_content_width":0,"ocean_both_sidebars_sidebars_width":0,"ocean_sidebar":"","ocean_second_sidebar":"","ocean_disable_margins":"enable","ocean_add_body_class":"","ocean_shortcode_before_top_bar":"","ocean_shortcode_after_top_bar":"","ocean_shortcode_before_header":"","ocean_shortcode_after_header":"","ocean_has_shortcode":"","ocean_shortcode_after_title":"","ocean_shortcode_before_footer_widgets":"","ocean_shortcode_after_footer_widgets":"","ocean_shortcode_before_footer_bottom":"","ocean_shortcode_after_footer_bottom":"","ocean_display_top_bar":"default","ocean_display_header":"default","ocean_header_style":"","ocean_center_header_left_menu":"","ocean_custom_header_template":"","ocean_custom_logo":0,"ocean_custom_retina_logo":0,"ocean_custom_logo_max_width":0,"ocean_custom_logo_tablet_max_width":0,"ocean_custom_logo_mobile_max_width":0,"ocean_custom_logo_max_height":0,"ocean_custom_logo_tablet_max_height":0,"ocean_custom_logo_mobile_max_height":0,"ocean_header_custom_menu":"","ocean_menu_typo_font_family":"","ocean_menu_typo_font_subset":"","ocean_menu_typo_font_size":0,"ocean_menu_typo_font_size_tablet":0,"ocean_menu_typo_font_size_mobile":0,"ocean_menu_typo_font_size_unit":"px","ocean_menu_typo_font_weight":"","ocean_menu_typo_font_weight_tablet":"","ocean_menu_typo_font_weight_mobile":"","ocean_menu_typo_transform":"","ocean_menu_typo_transform_tablet":"","ocean_menu_typo_transform_mobile":"","ocean_menu_typo_line_height":0,"ocean_menu_typo_line_height_tablet":0,"ocean_menu_typo_line_height_mobile":0,"ocean_menu_typo_line_height_unit":"","ocean_menu_typo_spacing":0,"ocean_menu_typo_spacing_tablet":0,"ocean_menu_typo_spacing_mobile":0,"ocean_menu_typo_spacing_unit":"","ocean_menu_link_color":"","ocean_menu_link_color_hover":"","ocean_menu_link_color_active":"","ocean_menu_link_background":"","ocean_menu_link_hover_background":"","ocean_menu_link_active_background":"","ocean_menu_social_links_bg":"","ocean_menu_social_hover_links_bg":"","ocean_menu_social_links_color":"","ocean_menu_social_hover_links_color":"","ocean_disable_title":"default","ocean_disable_heading":"default","ocean_post_title":"","ocean_post_subheading":"","ocean_post_title_style":"","ocean_post_title_background_color":"","ocean_post_title_background":0,"ocean_post_title_bg_image_position":"","ocean_post_title_bg_image_attachment":"","ocean_post_title_bg_image_repeat":"","ocean_post_title_bg_image_size":"","ocean_post_title_height":0,"ocean_post_title_bg_overlay":0.5,"ocean_post_title_bg_overlay_color":"","ocean_disable_breadcrumbs":"default","ocean_breadcrumbs_color":"","ocean_breadcrumbs_separator_color":"","ocean_breadcrumbs_links_color":"","ocean_breadcrumbs_links_hover_color":"","ocean_display_footer_widgets":"default","ocean_display_footer_bottom":"default","ocean_custom_footer_template":"","footnotes":""},"class_list":["post-173","page","type-page","status-publish","hentry","entry"],"_links":{"self":[{"href":"https:\/\/hawaiipoii.com\/index.php\/wp-json\/wp\/v2\/pages\/173","targetHints":{"allow":["GET"]}}],"collection":[{"href":"https:\/\/hawaiipoii.com\/index.php\/wp-json\/wp\/v2\/pages"}],"about":[{"href":"https:\/\/hawaiipoii.com\/index.php\/wp-json\/wp\/v2\/types\/page"}],"author":[{"embeddable":true,"href":"https:\/\/hawaiipoii.com\/index.php\/wp-json\/wp\/v2\/users\/1"}],"replies":[{"embeddable":true,"href":"https:\/\/hawaiipoii.com\/index.php\/wp-json\/wp\/v2\/comments?post=173"}],"version-history":[{"count":1,"href":"https:\/\/hawaiipoii.com\/index.php\/wp-json\/wp\/v2\/pages\/173\/revisions"}],"predecessor-version":[{"id":175,"href":"https:\/\/hawaiipoii.com\/index.php\/wp-json\/wp\/v2\/pages\/173\/revisions\/175"}],"wp:attachment":[{"href":"https:\/\/hawaiipoii.com\/index.php\/wp-json\/wp\/v2\/media?parent=173"}],"curies":[{"name":"wp","href":"https:\/\/api.w.org\/{rel}","templated":true}]}}