{"id":11,"date":"2025-02-23T19:39:49","date_gmt":"2025-02-23T18:39:49","guid":{"rendered":"https:\/\/hawaiipoii.com\/?page_id=11"},"modified":"2025-03-03T16:08:56","modified_gmt":"2025-03-03T15:08:56","slug":"hawaii-herald-tribune","status":"publish","type":"page","link":"https:\/\/hawaiipoii.com\/","title":{"rendered":"Hawai&#8217;i Herald Tribune"},"content":{"rendered":"<div id=\"gutenslider-dkm0sm18w\" class=\"wp-block-eedee-block-gutenslider gs-frontend content-change alignnone arrow-style-1 arrow-position-sides arrow-mb-none arrows-lg arrows-md arrows-sm dot-style-1 dots-lg dots-md dots-sm dot-position-bottom is-position-center-center mb-none wrap-auto-height\" data-parallax-direction=\"down\" data-parallax-amount=\"1.3\" data-lg-transition=\"lg-slide\" data-hash=\"\" ><div class=\"eedee-swiper-outer\" style=\"--gutenslider-min-height: 50vh;--gutenslider-arrow-size: 30px;--gutenslider-dot-size: 25px;--gutenslider-arrow-color: #ffffff;--gutenslider-dot-color: #ffffff;--gutenslider-padding-y-mobile: 40px;--gutenslider-padding-x-mobile: 40px;--gutenslider-padding-y-tablet: 40px;--gutenslider-padding-x-tablet: 40px;--gutenslider-padding-y-desktop: 40px;--gutenslider-padding-x-desktop: 40px;--gutenslider-bg-image: url();--gutenslider-min-height-md: 50vh;--gutenslider-min-height-sm: 50vh;--gutenslider-padding-x: 40px;--gutenslider-padding-x-md: 40px;--gutenslider-padding-x-sm: 20px;--gutenslider-padding-y: 40px;--gutenslider-padding-y-md: 40px;--gutenslider-padding-y-sm: 20px;--gutenslider-arrow-size-md: 30px;--gutenslider-arrow-size-sm: 30px;--gutenslider-dot-size-md: 25px;--gutenslider-dot-size-sm: 25px;--gutenslider-arrow-bg-color: transparent;--gutenslider-arrow-hover-color: #eeeeee;--gutenslider-arrow-bg-hover-color: transparent;--gutenslider-arrow-x-offset: 10px;--gutenslider-arrow-x-offset-md: 10px;--gutenslider-arrow-x-offset-sm: 10px;--gutenslider-arrow-y-offset: 0px;--gutenslider-arrow-y-offset-md: 0px;--gutenslider-arrow-y-offset-sm: 0px;--gutenslider-arrow-x-spacing: 0px;--gutenslider-dot-y-offset: 10px;--gutenslider-dot-y-offset-md: 10px;--gutenslider-dot-y-offset-sm: 10px;--gutenslider-margin-x: 0px;--gutenslider-margin-x-md: 0px;--gutenslider-margin-x-sm: 0px;--gutenslider-margin-y: 0px;--gutenslider-margin-y-md: 0px;--gutenslider-margin-y-sm: 0px;--gutenslider-divider-top: 60px;--gutenslider-divider-bottom: 60px;--gutenslider-lightgallery-bg: #ffffff;--gutenslider-lightgallery-font: #000000;--gs-first-pos: 50% 50%;--gs-gap-vertical: var( --wp--style--gallery-gap-default, var( --gallery-block--gutter-size, var( --wp--style--block-gap, 0.5em ) ) );--gs-gap-horizontal: var( --wp--style--gallery-gap-default, var( --gallery-block--gutter-size, var( --wp--style--block-gap, 0.5em ) ) );\"><div class=\"gutenslider-divider-top\" style=\"color:#fff;\"><\/div><div class=\"swiper\" data-settings='{\"autoplay\":{\"delay\":3000,\"pauseOnMouseEnter\":true,\"disableOnInteraction\":false},\"speed\":700,\"direction\":\"horizontal\",\"autoHeight\":\"\",\"loop\":true,\"centeredSlides\":true,\"spaceBetween\":0,\"slidesPerView\":1,\"slidesPerGroup\":1,\"effect\":\"slide\",\"coverflowEffect\":{\"rotate\":30,\"slideShadows\":false,\"depth\":100,\"stretch\":50,\"modifier\":1},\"fadeEffect\":{\"crossFade\":true},\"zoom\":\"\",\"navigation\":{\"nextEl\":\"#gutenslider-dkm0sm18w .eedee-gutenslider-next\",\"prevEl\":\"#gutenslider-dkm0sm18w .eedee-gutenslider-prev\"},\"pagination\":{\"type\":\"bullets\",\"clickable\":true,\"dynamicBullets\":false,\"el\":\"#gutenslider-dkm0sm18w .eedee-gutenslider-pagination\"},\"pauseOnHover\":\"1\",\"watchSlidesProgress\":true,\"watchSlidesVisibility\":true,\"settingsMd\":{\"autoHeight\":\"\",\"slidesPerView\":1,\"slidesPerGroup\":1,\"spaceBetween\":0,\"loop\":true},\"settingsLg\":{\"autoHeight\":\"\",\"slidesPerView\":1,\"slidesPerGroup\":1,\"spaceBetween\":0,\"loop\":true},\"hasLg\":false,\"hasLgCounter\":true,\"isFullScreen\":false,\"arrowsFollowMouse\":false,\"lgTitle\":\"none\",\"lgCaption\":\"none\",\"lgThumbnails\":true,\"lgZoomEnabled\":false,\"keyboard\":{\"keyboard\":{\"enabled\":true,\"onlyInViewport\":true}},\"hashNavigation\":false,\"dividers\":false}'><div class=\"swiper-wrapper\">\n<div class=\"swiper-slide wp-block-eedee-block-gutenslide is-position-center-center ed-bg-image\" style=\"--ed-vw:300;--ed-vh:124;\" data-hash=\"\"><div class=\"eedee-background-div bg-image\"><img loading=\"lazy\" width=\"1024\" height=\"423\" class=\"wp-image-16\" src=\"https:\/\/hawaiipoii.com\/wp-content\/uploads\/2025\/02\/WhatsApp-Image-2024-10-14-a-22.02.06_2bb01f4e-1024x423.jpg\" alt=\"Bandeau Ironman d\u00e9part\" decoding=\"async\" style=\"object-fit: cover; object-position: 50% 50%;\"  data-caption=\"Bandeau Ironman d\u00e9part\" data-title=\"Bandeau Ironman d\u00e9part\" data-description=\"Bandeau Ironman d\u00e9part\" srcset=\"https:\/\/hawaiipoii.com\/wp-content\/uploads\/2025\/02\/WhatsApp-Image-2024-10-14-a-22.02.06_2bb01f4e-1024x423.jpg 1024w, https:\/\/hawaiipoii.com\/wp-content\/uploads\/2025\/02\/WhatsApp-Image-2024-10-14-a-22.02.06_2bb01f4e-300x124.jpg 300w, https:\/\/hawaiipoii.com\/wp-content\/uploads\/2025\/02\/WhatsApp-Image-2024-10-14-a-22.02.06_2bb01f4e-768x317.jpg 768w, https:\/\/hawaiipoii.com\/wp-content\/uploads\/2025\/02\/WhatsApp-Image-2024-10-14-a-22.02.06_2bb01f4e-50x21.jpg 50w, https:\/\/hawaiipoii.com\/wp-content\/uploads\/2025\/02\/WhatsApp-Image-2024-10-14-a-22.02.06_2bb01f4e-1536x634.jpg 1536w, https:\/\/hawaiipoii.com\/wp-content\/uploads\/2025\/02\/WhatsApp-Image-2024-10-14-a-22.02.06_2bb01f4e.jpg 1553w\" sizes=\"auto, (max-width: 1024px) 100vw, 1024px\" \/><div class=\"eedee-background-div__overlay\" style=\"opacity:1;\"><\/div><\/div><div class=\"slide-content\">\n\n<p class=\"has-text-align-center gutenslider-content-initial has-larger-font-size\"><\/p>\n\n<\/div><\/div>\n\n<div class=\"swiper-slide wp-block-eedee-block-gutenslide is-position-center-center ed-bg-image\" style=\"--ed-vw:300;--ed-vh:125;\" data-hash=\"\"><div class=\"eedee-background-div bg-image\"><img loading=\"lazy\" width=\"1024\" height=\"426\" class=\"wp-image-17\" src=\"https:\/\/hawaiipoii.com\/wp-content\/uploads\/2025\/02\/Capture-decran-2024-12-10-140714-1024x426.jpg\" alt=\"Bandeau Ironman aube\" decoding=\"async\" style=\"object-fit: cover; object-position: 50% 50%;\"  data-caption=\"Bandeau Ironman aube\" data-title=\"Bandeau Ironman aube\" data-description=\"Bandeau Ironman aube\" srcset=\"https:\/\/hawaiipoii.com\/wp-content\/uploads\/2025\/02\/Capture-decran-2024-12-10-140714-1024x426.jpg 1024w, https:\/\/hawaiipoii.com\/wp-content\/uploads\/2025\/02\/Capture-decran-2024-12-10-140714-300x125.jpg 300w, https:\/\/hawaiipoii.com\/wp-content\/uploads\/2025\/02\/Capture-decran-2024-12-10-140714-768x320.jpg 768w, https:\/\/hawaiipoii.com\/wp-content\/uploads\/2025\/02\/Capture-decran-2024-12-10-140714-50x21.jpg 50w, https:\/\/hawaiipoii.com\/wp-content\/uploads\/2025\/02\/Capture-decran-2024-12-10-140714-1536x640.jpg 1536w, https:\/\/hawaiipoii.com\/wp-content\/uploads\/2025\/02\/Capture-decran-2024-12-10-140714.jpg 1568w\" sizes=\"auto, (max-width: 1024px) 100vw, 1024px\" \/><div class=\"eedee-background-div__overlay\" style=\"opacity:1;\"><\/div><\/div><div class=\"slide-content\">\n\n<p class=\"has-text-align-center gutenslider-content-initial has-larger-font-size\"><\/p>\n\n<\/div><\/div>\n\n<div class=\"swiper-slide wp-block-eedee-block-gutenslide is-position-center-center ed-bg-image\" style=\"--ed-vw:300;--ed-vh:127;\" data-hash=\"\"><div class=\"eedee-background-div bg-image\"><img loading=\"lazy\" width=\"1024\" height=\"433\" class=\"wp-image-15\" src=\"https:\/\/hawaiipoii.com\/wp-content\/uploads\/2025\/02\/Capture-decran-2024-12-10-140553-2-1024x433.jpg\" alt=\"Bandeau Ironman nageurs\" decoding=\"async\" style=\"object-fit: cover; object-position: 50% 50%;\"  data-caption=\"Bandeau Ironman nageurs\" data-title=\"Bandeau Ironman nageurs\" data-description=\"Bandeau Ironman nageurs\" srcset=\"https:\/\/hawaiipoii.com\/wp-content\/uploads\/2025\/02\/Capture-decran-2024-12-10-140553-2-1024x433.jpg 1024w, https:\/\/hawaiipoii.com\/wp-content\/uploads\/2025\/02\/Capture-decran-2024-12-10-140553-2-300x127.jpg 300w, https:\/\/hawaiipoii.com\/wp-content\/uploads\/2025\/02\/Capture-decran-2024-12-10-140553-2-768x325.jpg 768w, https:\/\/hawaiipoii.com\/wp-content\/uploads\/2025\/02\/Capture-decran-2024-12-10-140553-2-50x21.jpg 50w, https:\/\/hawaiipoii.com\/wp-content\/uploads\/2025\/02\/Capture-decran-2024-12-10-140553-2-1536x650.jpg 1536w, https:\/\/hawaiipoii.com\/wp-content\/uploads\/2025\/02\/Capture-decran-2024-12-10-140553-2.jpg 1569w\" sizes=\"auto, (max-width: 1024px) 100vw, 1024px\" \/><div class=\"eedee-background-div__overlay\" style=\"opacity:1;\"><\/div><\/div><div class=\"slide-content\">\n\n<p class=\"has-text-align-center gutenslider-content-initial has-larger-font-size\"><\/p>\n\n<\/div><\/div>\n\n<div class=\"swiper-slide wp-block-eedee-block-gutenslide is-position-center-center ed-bg-image\" style=\"--ed-vw:300;--ed-vh:102;\" data-hash=\"\"><div class=\"eedee-background-div bg-image\"><img loading=\"lazy\" width=\"1024\" height=\"348\" class=\"wp-image-14\" src=\"https:\/\/hawaiipoii.com\/wp-content\/uploads\/2025\/02\/Capture-decran-2024-12-10-141051-1024x348.jpg\" alt=\"Bandeau Volunteer\" decoding=\"async\" style=\"object-fit: cover; object-position: 50% 50%;\"  data-caption=\"Bandeau Volunteer\" data-title=\"Capture d\u2019\u00e9cran 2024-12-10 141051\" srcset=\"https:\/\/hawaiipoii.com\/wp-content\/uploads\/2025\/02\/Capture-decran-2024-12-10-141051-1024x348.jpg 1024w, https:\/\/hawaiipoii.com\/wp-content\/uploads\/2025\/02\/Capture-decran-2024-12-10-141051-300x102.jpg 300w, https:\/\/hawaiipoii.com\/wp-content\/uploads\/2025\/02\/Capture-decran-2024-12-10-141051-768x261.jpg 768w, https:\/\/hawaiipoii.com\/wp-content\/uploads\/2025\/02\/Capture-decran-2024-12-10-141051-50x17.jpg 50w, https:\/\/hawaiipoii.com\/wp-content\/uploads\/2025\/02\/Capture-decran-2024-12-10-141051-1536x522.jpg 1536w, https:\/\/hawaiipoii.com\/wp-content\/uploads\/2025\/02\/Capture-decran-2024-12-10-141051.jpg 1569w\" sizes=\"auto, (max-width: 1024px) 100vw, 1024px\" \/><div class=\"eedee-background-div__overlay\" style=\"opacity:1;\"><\/div><\/div><div class=\"slide-content\">\n\n<p class=\"has-text-align-center gutenslider-content-initial has-larger-font-size\"><\/p>\n\n<\/div><\/div>\n<\/div><\/div><button class=\"eedee-gutenslider-nav eedee-gutenslider-prev\"><svg xmlns=\"http:\/\/www.w3.org\/2000\/svg\" viewBox=\"0 0 24 24\" width=\"24\" height=\"24\"><circle class=\"bg\" cx=\"13\" cy=\"12\" r=\"11\" \/><path fill=\"none\" d=\"M0 0h24v24H0z\"\/><path class=\"arrow\" d=\"M10.828 12l4.95 4.95-1.414 1.414L8 12l6.364-6.364 1.414 1.414z\"\/><\/svg><\/button><button class=\"eedee-gutenslider-nav eedee-gutenslider-next\"><svg xmlns=\"http:\/\/www.w3.org\/2000\/svg\" viewBox=\"0 0 24 24\" width=\"24\" height=\"24\"><circle class=\"bg\" cx=\"11\" cy=\"12\" r=\"11\" \/><path fill=\"none\" d=\"M0 0h24v24H0z\"\/><path class=\"arrow\" d=\"M13.172 12l-4.95-4.95 1.414-1.414L16 12l-6.364 6.364-1.414-1.414z\"\/><\/svg><\/button><div class=\"eedee-gutenslider-pagination\"><\/div><div class=\"gutenslider-divider-bottom \" style=\"color:#fff;\"><\/div><\/div><\/div>\n\n\n<details class=\"wp-block-details is-layout-flow wp-block-details-is-layout-flow\"><summary><\/summary><div id=\"gutenslider-oy75jmkun\" class=\"wp-block-eedee-block-gutenslider gs-frontend content-change alignfull adaptive-height adaptive-height-md adaptive-height-sm arrow-style-1 arrow-position-sides arrow-mb-none arrows-lg arrows-md arrows-sm dot-style-1 dots-lg dots-md dots-sm dot-position-bottom is-position-center-center mb-none wrap-auto-height\" data-parallax-direction=\"down\" data-parallax-amount=\"1.3\" data-lg-transition=\"lg-slide\" data-hash=\"\" ><div class=\"eedee-swiper-outer\" style=\"--gutenslider-min-height: 25vh;--gutenslider-arrow-size: 30px;--gutenslider-dot-size: 25px;--gutenslider-arrow-color: #ffffff;--gutenslider-dot-color: #ffffff;--gutenslider-padding-y-mobile: 40px;--gutenslider-padding-x-mobile: 40px;--gutenslider-padding-y-tablet: 40px;--gutenslider-padding-x-tablet: 40px;--gutenslider-padding-y-desktop: 40px;--gutenslider-padding-x-desktop: 40px;--gutenslider-bg-image: url();--gutenslider-min-height-md: 50vh;--gutenslider-min-height-sm: 30vh;--gutenslider-padding-x: 40px;--gutenslider-padding-x-md: 40px;--gutenslider-padding-x-sm: 20px;--gutenslider-padding-y: 40px;--gutenslider-padding-y-md: 40px;--gutenslider-padding-y-sm: 20px;--gutenslider-arrow-size-md: 30px;--gutenslider-arrow-size-sm: 30px;--gutenslider-dot-size-md: 25px;--gutenslider-dot-size-sm: 25px;--gutenslider-arrow-bg-color: transparent;--gutenslider-arrow-hover-color: #eeeeee;--gutenslider-arrow-bg-hover-color: transparent;--gutenslider-arrow-x-offset: 10px;--gutenslider-arrow-x-offset-md: 10px;--gutenslider-arrow-x-offset-sm: 10px;--gutenslider-arrow-y-offset: 0px;--gutenslider-arrow-y-offset-md: 0px;--gutenslider-arrow-y-offset-sm: 0px;--gutenslider-arrow-x-spacing: 0px;--gutenslider-dot-y-offset: 10px;--gutenslider-dot-y-offset-md: 10px;--gutenslider-dot-y-offset-sm: 10px;--gutenslider-margin-x: 0px;--gutenslider-margin-x-md: 0px;--gutenslider-margin-x-sm: 0px;--gutenslider-margin-y: 0px;--gutenslider-margin-y-md: 0px;--gutenslider-margin-y-sm: 0px;--gutenslider-divider-top: 60px;--gutenslider-divider-bottom: 60px;--gutenslider-lightgallery-bg: #ffffff;--gutenslider-lightgallery-font: #000000;--gs-first-pos: 50% 50%;--gs-gap-vertical: var( --wp--style--gallery-gap-default, var( --gallery-block--gutter-size, var( --wp--style--block-gap, 0.5em ) ) );--gs-gap-horizontal: var( --wp--style--gallery-gap-default, var( --gallery-block--gutter-size, var( --wp--style--block-gap, 0.5em ) ) );\"><div class=\"gutenslider-divider-top\" style=\"color:#fff;\"><\/div><div class=\"swiper\" data-settings='{\"autoplay\":{\"delay\":3000,\"pauseOnMouseEnter\":true,\"disableOnInteraction\":false},\"speed\":700,\"direction\":\"horizontal\",\"autoHeight\":\"1\",\"loop\":true,\"centeredSlides\":true,\"spaceBetween\":0,\"slidesPerView\":1,\"slidesPerGroup\":1,\"effect\":\"fade\",\"coverflowEffect\":{\"rotate\":30,\"slideShadows\":false,\"depth\":100,\"stretch\":50,\"modifier\":1},\"fadeEffect\":{\"crossFade\":true},\"zoom\":\"\",\"navigation\":{\"nextEl\":\"#gutenslider-oy75jmkun .eedee-gutenslider-next\",\"prevEl\":\"#gutenslider-oy75jmkun .eedee-gutenslider-prev\"},\"pagination\":{\"type\":\"bullets\",\"clickable\":true,\"dynamicBullets\":false,\"el\":\"#gutenslider-oy75jmkun .eedee-gutenslider-pagination\"},\"pauseOnHover\":\"1\",\"watchSlidesProgress\":true,\"watchSlidesVisibility\":true,\"settingsMd\":{\"autoHeight\":\"1\",\"slidesPerView\":1,\"slidesPerGroup\":1,\"spaceBetween\":0,\"loop\":true},\"settingsLg\":{\"autoHeight\":\"1\",\"slidesPerView\":1,\"slidesPerGroup\":1,\"spaceBetween\":0,\"loop\":true},\"hasLg\":false,\"hasLgCounter\":true,\"isFullScreen\":false,\"arrowsFollowMouse\":false,\"lgTitle\":\"none\",\"lgCaption\":\"none\",\"lgThumbnails\":true,\"lgZoomEnabled\":false,\"keyboard\":{\"keyboard\":{\"enabled\":true,\"onlyInViewport\":true}},\"hashNavigation\":false,\"dividers\":false}'><div class=\"swiper-wrapper\">\n<div class=\"swiper-slide wp-block-eedee-block-gutenslide is-position-center-center\" style=\"--slide-min-width:80%;\" data-hash=\"\"><div class=\"eedee-background-div no-media-background\"><div class=\"eedee-background-div__overlay\" style=\"opacity:1;background:#fffa;\"><\/div><\/div><div class=\"slide-content\">\n\n<p class=\"has-text-align-center gutenslider-content-initial has-larger-font-size\"><\/p>\n\n<\/div><\/div>\n\n<div class=\"swiper-slide wp-block-eedee-block-gutenslide is-position-center-center\" style=\"--slide-min-width:80%;\" data-hash=\"\"><div class=\"eedee-background-div no-media-background\"><div class=\"eedee-background-div__overlay\" style=\"opacity:1;background:#fffa;\"><\/div><\/div><div class=\"slide-content\">\n\n<p class=\"has-text-align-center gutenslider-content-initial has-larger-font-size\"><\/p>\n\n<\/div><\/div>\n\n<div class=\"swiper-slide wp-block-eedee-block-gutenslide is-position-center-center\" style=\"--slide-min-width:80%;\" data-hash=\"\"><div class=\"eedee-background-div no-media-background\"><div class=\"eedee-background-div__overlay\" style=\"opacity:1;background:#fffa;\"><\/div><\/div><div class=\"slide-content\">\n\n<p class=\"has-text-align-center gutenslider-content-initial has-larger-font-size\"><\/p>\n\n<\/div><\/div>\n<\/div><\/div><button class=\"eedee-gutenslider-nav eedee-gutenslider-prev\"><svg xmlns=\"http:\/\/www.w3.org\/2000\/svg\" viewBox=\"0 0 24 24\" width=\"24\" height=\"24\"><circle class=\"bg\" cx=\"13\" cy=\"12\" r=\"11\" \/><path fill=\"none\" d=\"M0 0h24v24H0z\"\/><path class=\"arrow\" d=\"M10.828 12l4.95 4.95-1.414 1.414L8 12l6.364-6.364 1.414 1.414z\"\/><\/svg><\/button><button class=\"eedee-gutenslider-nav eedee-gutenslider-next\"><svg xmlns=\"http:\/\/www.w3.org\/2000\/svg\" viewBox=\"0 0 24 24\" width=\"24\" height=\"24\"><circle class=\"bg\" cx=\"11\" cy=\"12\" r=\"11\" \/><path fill=\"none\" d=\"M0 0h24v24H0z\"\/><path class=\"arrow\" d=\"M13.172 12l-4.95-4.95 1.414-1.414L16 12l-6.364 6.364-1.414-1.414z\"\/><\/svg><\/button><div class=\"eedee-gutenslider-pagination\"><\/div><div class=\"gutenslider-divider-bottom \" style=\"color:#fff;\"><\/div><\/div><\/div><\/details>\n\n\n\n<p><br>Les Ironmen *.<br>Des \u00eatres \u00e9tranges venus d\u2019une autre plan\u00e8te.<br>Leur destination : la Mer, la Route, et la Terre.<br>Leur but : en faire leur univers.<br>Poi&#8217;i les a vus.<br>Pour lui, tout a commenc\u00e9 par une nuit sombre, sur un site internet qu&#8217;il connaissait mal, alors qu\u2019il cherchait un r\u00e9sultat sportif que jamais il ne trouva.<br>Tout a commenc\u00e9 par une banderole de recrutement, par un homme que le de manque de sommeil n&#8217;avait pas rendu assez las pour refuser de r\u00eaver sa route.<br>Tout a commenc\u00e9 par l\u2019atterrissage d\u2019un vaisseau venu d\u2019une autre galaxie. <br>Maintenant, Poi&#8217;i sait que les Ironmen sont l\u00e0, qu\u2019ils ont pris forme humaine. Poi&#8217;i sait qu\u2019il lui faut convaincre un monde incr\u00e9dule que le voyage a d\u00e9j\u00e0 commenc\u00e9.<br>Il va aller \u00e0 Hawai&#8217;i\u2026<\/p>\n\n\n<div class=\"wp-block-image\">\n<figure class=\"aligncenter size-full\"><img loading=\"lazy\" decoding=\"async\" width=\"614\" height=\"289\" src=\"https:\/\/hawaiipoii.com\/wp-content\/uploads\/2025\/02\/WhatsApp-Image-2024-10-14-a-22.02.19_4db776c3.jpg\" alt=\"VolunteerBandeau Ironman nageurs\" class=\"wp-image-18\" srcset=\"https:\/\/hawaiipoii.com\/wp-content\/uploads\/2025\/02\/WhatsApp-Image-2024-10-14-a-22.02.19_4db776c3.jpg 614w, https:\/\/hawaiipoii.com\/wp-content\/uploads\/2025\/02\/WhatsApp-Image-2024-10-14-a-22.02.19_4db776c3-300x141.jpg 300w, https:\/\/hawaiipoii.com\/wp-content\/uploads\/2025\/02\/WhatsApp-Image-2024-10-14-a-22.02.19_4db776c3-50x24.jpg 50w\" sizes=\"auto, (max-width: 614px) 100vw, 614px\" \/><figcaption class=\"wp-element-caption\">Bandeau Ironman nageurs<\/figcaption><\/figure>\n<\/div>\n\n\n<p>C&#8217;est le bandeau ci-dessus &#8220;Volunteer&#8221; (B\u00e9n\u00e9vole) qui a provoqu\u00e9 l&#8217;\u00e9tincelle. Elle a allum\u00e9 un feu qui avait \u00e9t\u00e9 bien pr\u00e9par\u00e9&#8230;<br>Le club de kayak de Nice encadre les triathlons Ironman depuis des ann\u00e9es, et &#8212; cons\u00e9cration &#8212; le Championnat du Monde en alternance avec Hawai&#8217;i depuis 2023.  <\/p>\n\n\n\n<p>J&#8217;ai d\u00e9j\u00e0 particip\u00e9 \u00e0 quelques uns de ces \u00e9v\u00e8nements en tant que b\u00e9n\u00e9vole. Apr\u00e8s le Championnat du monde masculin Ironman, en septembre 2023, puis f\u00e9minin en 2024 (chacun en alternance avec Hawai&#8217;i qui ne peut plus accueillir tous les concurrents en m\u00eame temps et a pass\u00e9 un partenariat avec Nice), Alors&#8230; pourquoi ne pas aller faire aussi la s\u00e9curit\u00e9 en kayak \u00e0 Hawai&#8217;i ?<\/p>\n\n\n\n<p>Avant de me lancer dans les r\u00e9servations, je remplis un dossier de candidature de b\u00e9n\u00e9vole sur le site Ironman, en leur expliquant mon cas un peu particulier. <br>Probl\u00e8me&#8230; Pour les locaux, chacun doit si possible venir avec son propre mat\u00e9riel. Sinon ils peuvent pr\u00eater des paddles ou de vieilles planches de surf (y&#8217;en a partout en d\u00e9co dans les jardins !!!). Moi il faudra me fournir un kayak &#8212; le mien ne rentrera pas dans la valise &#8212; si je ne trouve pas \u00e0 en louer. Et ici, ils sont plut\u00f4t tr\u00e8s planches !<br>Top sympa ! Le responsable de la natation me met en relation avec le patron des Kona Boys, une cabane de location sur la plage juste \u00e0 c\u00f4t\u00e9 du d\u00e9part&#8230; j&#8217;aurai un kayak !<\/p>\n\n\n\n<p>Sinon, on est bien aux Etats-Unis : pour 2 pages de renseignements personnels, 5 pages de conditions juridiques !<br>En r\u00e9sum\u00e9 : je c\u00e8de tous mes droits, je suis responsable de tout, et eux de rien.<br>D&#8217;ailleurs, cette pr\u00e9c\u00e9dente phrase est ill\u00e9gale (\u00e7a ressemble \u00e0 du d\u00e9nigrement, un peu&#8230;), et ce site m\u00eame, par les termes et images employ\u00e9s est ill\u00e9gal. Cf l&#8217;<a href=\"https:\/\/hawaiipoii.com\/index.php\/article-9\/\" data-type=\"page\" data-id=\"50\">Article 9 par exemple<\/a>.<\/p>\n\n\n\n<p>Dossier de b\u00e9n\u00e9vole accept\u00e9, je peux me lancer dans les r\u00e9servations, h\u00e9bergement et voyage&#8230;<\/p>\n\n\n\n<p>&#8216;*&#8217; Pour ceux qui n&#8217;ont pas la r\u00e9f du texte d&#8217;introduction&#8230; <a href=\"https:\/\/youtu.be\/aVx1dOj8Oyw?feature=shared\">G\u00e9n\u00e9rique de la s\u00e9rie inspirante<\/a><\/p>\n\n\n\n<p><\/p>\n\n\n\n<p class=\"has-text-align-center\">Une production \u00ab Poi&#8217;i Prods \u00bb. Avec \u2026 Le Poi&#8217;i, dans le r\u00f4le du Voyageur.<br>R\u00e9alis\u00e9 avec WordPress<br>Les sons d&#8217;illustration et courtes vid\u00e9os YouTube ont \u00e9t\u00e9 capt\u00e9s avec mon t\u00e9l\u00e9phone<\/p>\n\n\n\n<p><\/p>\n","protected":false},"excerpt":{"rendered":"<p>Les Ironmen *.Des \u00eatres \u00e9tranges venus d\u2019une autre plan\u00e8te.Leur destination : la Mer, la Route, et la Terre.Leur but : en faire leur univers.Poi&#8217;i les a vus.Pour lui, tout a commenc\u00e9 par une nuit sombre, sur un site internet qu&#8217;il connaissait mal, alors qu\u2019il cherchait un r\u00e9sultat sportif que jamais il ne trouva.Tout a commenc\u00e9 [&hellip;]<\/p>\n","protected":false},"author":1,"featured_media":0,"parent":0,"menu_order":0,"comment_status":"closed","ping_status":"closed","template":"","meta":{"ocean_post_layout":"","ocean_both_sidebars_style":"","ocean_both_sidebars_content_width":0,"ocean_both_sidebars_sidebars_width":0,"ocean_sidebar":"","ocean_second_sidebar":"","ocean_disable_margins":"enable","ocean_add_body_class":"","ocean_shortcode_before_top_bar":"","ocean_shortcode_after_top_bar":"","ocean_shortcode_before_header":"","ocean_shortcode_after_header":"","ocean_has_shortcode":"","ocean_shortcode_after_title":"","ocean_shortcode_before_footer_widgets":"","ocean_shortcode_after_footer_widgets":"","ocean_shortcode_before_footer_bottom":"","ocean_shortcode_after_footer_bottom":"","ocean_display_top_bar":"default","ocean_display_header":"default","ocean_header_style":"","ocean_center_header_left_menu":"","ocean_custom_header_template":"","ocean_custom_logo":0,"ocean_custom_retina_logo":0,"ocean_custom_logo_max_width":0,"ocean_custom_logo_tablet_max_width":0,"ocean_custom_logo_mobile_max_width":0,"ocean_custom_logo_max_height":0,"ocean_custom_logo_tablet_max_height":0,"ocean_custom_logo_mobile_max_height":0,"ocean_header_custom_menu":"","ocean_menu_typo_font_family":"","ocean_menu_typo_font_subset":"","ocean_menu_typo_font_size":0,"ocean_menu_typo_font_size_tablet":0,"ocean_menu_typo_font_size_mobile":0,"ocean_menu_typo_font_size_unit":"px","ocean_menu_typo_font_weight":"","ocean_menu_typo_font_weight_tablet":"","ocean_menu_typo_font_weight_mobile":"","ocean_menu_typo_transform":"","ocean_menu_typo_transform_tablet":"","ocean_menu_typo_transform_mobile":"","ocean_menu_typo_line_height":0,"ocean_menu_typo_line_height_tablet":0,"ocean_menu_typo_line_height_mobile":0,"ocean_menu_typo_line_height_unit":"","ocean_menu_typo_spacing":0,"ocean_menu_typo_spacing_tablet":0,"ocean_menu_typo_spacing_mobile":0,"ocean_menu_typo_spacing_unit":"","ocean_menu_link_color":"","ocean_menu_link_color_hover":"","ocean_menu_link_color_active":"","ocean_menu_link_background":"","ocean_menu_link_hover_background":"","ocean_menu_link_active_background":"","ocean_menu_social_links_bg":"","ocean_menu_social_hover_links_bg":"","ocean_menu_social_links_color":"","ocean_menu_social_hover_links_color":"","ocean_disable_title":"default","ocean_disable_heading":"default","ocean_post_title":"","ocean_post_subheading":"","ocean_post_title_style":"","ocean_post_title_background_color":"","ocean_post_title_background":0,"ocean_post_title_bg_image_position":"","ocean_post_title_bg_image_attachment":"","ocean_post_title_bg_image_repeat":"","ocean_post_title_bg_image_size":"","ocean_post_title_height":0,"ocean_post_title_bg_overlay":0.5,"ocean_post_title_bg_overlay_color":"","ocean_disable_breadcrumbs":"default","ocean_breadcrumbs_color":"","ocean_breadcrumbs_separator_color":"","ocean_breadcrumbs_links_color":"","ocean_breadcrumbs_links_hover_color":"","ocean_display_footer_widgets":"default","ocean_display_footer_bottom":"default","ocean_custom_footer_template":"","footnotes":""},"class_list":["post-11","page","type-page","status-publish","hentry","entry"],"_links":{"self":[{"href":"https:\/\/hawaiipoii.com\/index.php\/wp-json\/wp\/v2\/pages\/11","targetHints":{"allow":["GET"]}}],"collection":[{"href":"https:\/\/hawaiipoii.com\/index.php\/wp-json\/wp\/v2\/pages"}],"about":[{"href":"https:\/\/hawaiipoii.com\/index.php\/wp-json\/wp\/v2\/types\/page"}],"author":[{"embeddable":true,"href":"https:\/\/hawaiipoii.com\/index.php\/wp-json\/wp\/v2\/users\/1"}],"replies":[{"embeddable":true,"href":"https:\/\/hawaiipoii.com\/index.php\/wp-json\/wp\/v2\/comments?post=11"}],"version-history":[{"count":7,"href":"https:\/\/hawaiipoii.com\/index.php\/wp-json\/wp\/v2\/pages\/11\/revisions"}],"predecessor-version":[{"id":248,"href":"https:\/\/hawaiipoii.com\/index.php\/wp-json\/wp\/v2\/pages\/11\/revisions\/248"}],"wp:attachment":[{"href":"https:\/\/hawaiipoii.com\/index.php\/wp-json\/wp\/v2\/media?parent=11"}],"curies":[{"name":"wp","href":"https:\/\/api.w.org\/{rel}","templated":true}]}}